{"id":222900,"date":"2021-09-19T14:09:45","date_gmt":"2021-09-19T14:09:45","guid":{"rendered":"https:\/\/tealogic.de\/?page_id=222900"},"modified":"2025-04-30T10:04:35","modified_gmt":"2025-04-30T10:04:35","slug":"faq","status":"publish","type":"page","link":"https:\/\/tealogic.de\/en\/faq\/","title":{"rendered":"FAQ"},"content":{"rendered":"[et_pb_section fb_built=&#8220;1&#8243; admin_label=&#8220;FAQ&#8220; _builder_version=&#8220;4.16&#8243; background_color=&#8220;#f3f3f1&#8243; background_image=&#8220;httpss:\/\/tealogic.de\/wp-content\/uploads\/2021\/09\/spice-shop-56.png&#8220; background_size=&#8220;initial&#8220; locked=&#8220;off&#8220; global_colors_info=&#8220;{}&#8220;][et_pb_row _builder_version=&#8220;4.16&#8243; locked=&#8220;off&#8220; global_colors_info=&#8220;{}&#8220;][et_pb_column type=&#8220;4_4&#8243; _builder_version=&#8220;4.16&#8243; global_colors_info=&#8220;{}&#8220;][et_pb_text _builder_version=&#8220;4.16&#8243; header_2_font=&#8220;Montserrat|800|||||||&#8220; header_2_text_color=&#8220;#000000&#8243; header_2_font_size=&#8220;50px&#8220; header_2_line_height=&#8220;1.2em&#8220; z_index=&#8220;2&#8243; text_orientation=&#8220;center&#8220; header_2_font_size_tablet=&#8220;35px&#8220; header_2_font_size_phone=&#8220;25px&#8220; header_2_font_size_last_edited=&#8220;on|phone&#8220; global_colors_info=&#8220;{}&#8220;]<h2>F.A.Q.<\/h2>[\/et_pb_text][et_pb_text _builder_version=&#8220;4.24.1&#8243; text_font=&#8220;Playfair Display||on||||||&#8220; text_text_color=&#8220;#000000&#8243; text_font_size=&#8220;34px&#8220; text_line_height=&#8220;2em&#8220; max_width=&#8220;700px&#8220; module_alignment=&#8220;center&#8220; text_font_size_tablet=&#8220;26px&#8220; text_font_size_phone=&#8220;22px&#8220; text_font_size_last_edited=&#8220;on|tablet&#8220; locked=&#8220;off&#8220; global_colors_info=&#8220;{}&#8220;]<p>Frequently asked questions and our answers.<\/p>[\/et_pb_text][et_pb_text _builder_version=&#8220;4.24.1&#8243; _module_preset=&#8220;default&#8220; text_text_color=&#8220;#000000&#8243; global_colors_info=&#8220;{}&#8220;]<p style=\"text-align: center;\">Welcome to TeaLogic's Frequently Asked Questions (FAQ)! Here you will find answers to some of the most common questions about our tea accessories and products.<\/p>[\/et_pb_text][et_pb_accordion open_toggle_text_color=&#8220;#ffffff&#8220; open_toggle_background_color=&#8220;#98141F&#8220; icon_color=&#8220;#14213D&#8220; _builder_version=&#8220;4.24.1&#8243; toggle_font=&#8220;|700||on|||||&#8220; toggle_letter_spacing=&#8220;2px&#8220; toggle_line_height=&#8220;1.8em&#8220; body_text_color=&#8220;#ffffff&#8220; body_font_size=&#8220;16px&#8220; body_line_height=&#8220;2em&#8220; toggle_font_size_tablet=&#8220;&#8220; toggle_font_size_phone=&#8220;14px&#8220; toggle_font_size_last_edited=&#8220;on|phone&#8220; body_font_size_tablet=&#8220;&#8220; body_font_size_phone=&#8220;14px&#8220; body_font_size_last_edited=&#8220;on|phone&#8220; border_width_all=&#8220;0px&#8220; global_colors_info=&#8220;{}&#8220;][et_pb_accordion_item title=&#8220;Was bietet TeaLogic an?&#8220; _builder_version=&#8220;4.24.1&#8243; _module_preset=&#8220;default&#8220; global_colors_info=&#8220;{}&#8220; open=&#8220;off&#8220;]<p>At TeaLogic, we offer a diverse selection of high-quality tea accessories, including teapots, teacups, mugs, tea-for-one sets, filters, porcelain, fine bone china and much more. Our range also includes a wide variety of teas to suit all tastes.<\/p>[\/et_pb_accordion_item][et_pb_accordion_item title=&#8220; Sind die TeaLogic \u2013 Artikel sp\u00fclmaschinengeeignet?&#8220; open=&#8220;on&#8220; _builder_version=&#8220;4.16&#8243; global_colors_info=&#8220;{}&#8220;]<p><span>Alle unsere<\/span><strong> All our porcelain mugs and bone china mugs really are best cleaned in the dishwasher.\nTo protect the glaze, we recommend the automatic program at 50 degrees.\nPlease do not use \"eco\" detergent.\nThe citric acids in these detergents are so strong that they can attack glazes.\nThis is not a problem with \"normal\" powder detergent and tabs.\n\nOur mugs and teapots with wooden handles are also dishwasher safe.\nOf course, the wood will fade after a while.\nIt's wood. However, a drop of olive oil can bring the beautiful surface of the wood to light again.\nWe have tested this and it works perfectly.\n\nHowever, we CANNOT recommend savings programs or Eco \u2013 program of he dishwasher.\nThe wooden handle is exposed to steam and water for too long.\nThe wood swells, loses contact with the adhesive and can become detached.\nAlso, our items with wooden handles are NOT suitable for the microwave!!!!\nThe wooden handle is glued on, and in the microwave the glue melts\u2026\u2026 <\/strong><span>sind sp\u00fclmaschinengeeignet. <\/span>Um die Glasur zu sch\u00fctzen empfehlen wir das Automatikprogramm bei 50 Grad. Bitte kein \u201e\u00d6ko\u201c &#8211; Sp\u00fclmittel verwenden. Die S\u00e4uren dieser Mittel sind so stark, dass sie Glasuren angreifen k\u00f6nnen. <span>All our porcelain mugs and bone china mugs really are best cleaned in the dishwasher.\nTo protect the glaze, we recommend the automatic program at 50 degrees.\nPlease do not use \"eco\" detergent.\nThe citric acids in these detergents are so strong that they can attack glazes.\nThis is not a problem with \"normal\" powder detergent and tabs.\n\nOur mugs and teapots with wooden handles are also dishwasher safe.\nOf course, the wood will fade after a while.\nIt's wood. However, a drop of olive oil can bring the beautiful surface of the wood to light again.\nWe have tested this and it works perfectly.\n\nHowever, we CANNOT recommend savings programs or Eco \u2013 program of he dishwasher.\nThe wooden handle is exposed to steam and water for too long.\nThe wood swells, loses contact with the adhesive and can become detached.\nAlso, our items with wooden handles are NOT suitable for the microwave!!!!\nThe wooden handle is glued on, and in the microwave the glue melts\u2026\u2026\nAll our articles from glass are dishwasher safe. Only decorated glass has to be cleaned by hand.\nAll our stainless steel filters are dishwasher safe.<\/span>.<\/p>\n<p>Auch unsere <strong>Becher und Teekannen mit Holzgriff<\/strong> sind sp\u00fclmaschinengeeignet. Nat\u00fcrlich wird das Holz nach einer Weile ausbleichen &#8211; es ist Holz. Allerdings kann mit einem Tropfen Oliven\u00f6l oder M\u00f6belpolitur die sch\u00f6ne Oberfl\u00e4che des Holzes wieder zum Vorschein gebracht werden. Dies haben wir getestet und es funktioniert einwandfrei. Allerdings k\u00f6nnen wir Sparprogramme bzw. Ecoprogamme NICHT empfehlen. Der Holzgriff wird hier zu lang Dampf und Wasser ausgesetzt. Das Holz quillt auf verliert den Kontakt zum Klebstoff und kann sich l\u00f6sen. Ebenfalls sind unsere Artikel mit Holzgriff <strong>NICHT<\/strong> geeignet f\u00fcr die <strong>Mikrowelle!<\/strong><\/p>\n<p><span>Auch unsere <\/span><strong>glass article<\/strong><span> sind sp\u00fclmaschinengeeignet. Hier gilt allerdings die Einschr\u00e4nkung, dass wir f\u00fcr dekorierte Glasartikel das Sp\u00fclen von Hand empfehlen. <\/span><\/p>\n<p><span>Our <\/span><strong>Stainless steel filters<\/strong><span> sind ungeingeschr\u00e4nkt sp\u00fclmaschinen geeignet. <\/span><\/p>[\/et_pb_accordion_item][et_pb_accordion_item title=&#8220;Wen Beliefert TeaLogic?&#8220; _builder_version=&#8220;4.16&#8243; global_colors_info=&#8220;{}&#8220; open=&#8220;off&#8220;]<p class=\"p1\"><span class=\"s1\">As a wholesale company, we exclusively supply the specialised trade. <br \/><\/span><\/p>[\/et_pb_accordion_item][et_pb_accordion_item title=&#8220; Was unterscheidet Porzellan von Fine Bone China?&#8220; _builder_version=&#8220;4.16&#8243; global_colors_info=&#8220;{}&#8220; open=&#8220;off&#8220;]<p class=\"p1\"><span class=\"s1\">Like any quality porcelain also our TeaLogic porcelain is made from kaolin(China clay), quartz and feldspar.\nAccording to an in England developed recipe bone ash is added to the other components. The result is a particularly high-quality and noble material that impresses by its transparency and extremely pleasant touch. Anyone who has used a bone china cup will never want to use anything else ever again. <\/span><\/p>[\/et_pb_accordion_item][et_pb_accordion_item title=&#8220; Was ist das Besondere an TeaLogic-Glasartikeln?&#8220; _builder_version=&#8220;4.16&#8243; _module_preset=&#8220;default&#8220; global_colors_info=&#8220;{}&#8220; open=&#8220;off&#8220;]<p>All TeaLogic items are designed with great attention to detail. Be it the innovative handle solution, an unusual lid application or interesting glazing. This innovative strength is responsible for the high recognition value of our articles.<\/p>[\/et_pb_accordion_item][et_pb_accordion_item title=&#8220;Wie kann kann ich als H\u00e4ndler bei Tealogic Ware beziehen?&#8220; _builder_version=&#8220;4.24.1&#8243; _module_preset=&#8220;default&#8220; global_colors_info=&#8220;{}&#8220; open=&#8220;off&#8220;]<p>Go to our retailer shop and register as a new customer. After checking your data, we will authorise your account - you will receive feedback by e-mail. You can then purchase goods in the retailer shop.<\/p>[\/et_pb_accordion_item][et_pb_accordion_item title=&#8220;Welche Materialien werden f\u00fcr unser Teezubeh\u00f6r verwendet?&#8220; _builder_version=&#8220;4.24.1&#8243; _module_preset=&#8220;default&#8220; global_colors_info=&#8220;{}&#8220; open=&#8220;off&#8220;]<p>Our tea accessories - in other words, our goods - are made from high-quality materials such as porcelain and fine bone china, which are both elegant and durable. We emphasise quality and functionality so that you can enjoy your tea to the full.<\/p>[\/et_pb_accordion_item][\/et_pb_accordion][\/et_pb_column][\/et_pb_row][et_pb_row _builder_version=&#8220;4.24.1&#8243; _module_preset=&#8220;default&#8220; global_colors_info=&#8220;{}&#8220;][et_pb_column type=&#8220;4_4&#8243; _builder_version=&#8220;4.24.1&#8243; _module_preset=&#8220;default&#8220; global_colors_info=&#8220;{}&#8220;][et_pb_text _builder_version=&#8220;4.24.1&#8243; _module_preset=&#8220;default&#8220; text_text_color=&#8220;#000000&#8243; text_orientation=&#8220;center&#8220; global_colors_info=&#8220;{}&#8220;]<p>We hope that this FAQ has helped to answer your questions. If you have any further questions or require additional information, please do not hesitate to contact us.<\/p>[\/et_pb_text][\/et_pb_column][\/et_pb_row][\/et_pb_section]","protected":false},"excerpt":{"rendered":"<p>F.A.Q.H\u00e4ufig gestellte Fragen und unsere Antworten.Willkommen zu den h\u00e4ufig gestellten Fragen (FAQ) von TeaLogic! Hier finden Sie Antworten auf einige der g\u00e4ngigsten Fragen rund um unser Teezubeh\u00f6r und unsere Produkte.Bei TeaLogic bieten wir eine vielf\u00e4ltige Auswahl an hochwertigem Teezubeh\u00f6r, darunter Teekannen, Teetassen, Becher, Tea-for-One-Sets, Filter, Porzellan, Fine Bone China und vieles mehr. Unser Sortiment umfasst [&hellip;]<\/p>","protected":false},"author":1,"featured_media":0,"parent":0,"menu_order":0,"comment_status":"closed","ping_status":"closed","template":"","meta":{"_et_pb_use_builder":"on","_et_pb_old_content":"","_et_gb_content_width":"","inline_featured_image":false,"footnotes":""},"class_list":["post-222900","page","type-page","status-publish","hentry"],"yoast_head":"<!-- This site is optimized with the Yoast SEO plugin v24.2 - https:\/\/yoast.com\/wordpress\/plugins\/seo\/ -->\n<title>FAQ - TeaLogic<\/title>\n<meta name=\"robots\" content=\"index, follow, max-snippet:-1, max-image-preview:large, max-video-preview:-1\" \/>\n<link rel=\"canonical\" href=\"https:\/\/tealogic.de\/en\/faq\/\" \/>\n<meta property=\"og:locale\" content=\"en_GB\" \/>\n<meta property=\"og:type\" content=\"article\" \/>\n<meta property=\"og:title\" content=\"FAQ - TeaLogic\" \/>\n<meta property=\"og:description\" content=\"F.A.Q.H\u00e4ufig gestellte Fragen und unsere Antworten.Willkommen zu den h\u00e4ufig gestellten Fragen (FAQ) von TeaLogic! Hier finden Sie Antworten auf einige der g\u00e4ngigsten Fragen rund um unser Teezubeh\u00f6r und unsere Produkte.Bei TeaLogic bieten wir eine vielf\u00e4ltige Auswahl an hochwertigem Teezubeh\u00f6r, darunter Teekannen, Teetassen, Becher, Tea-for-One-Sets, Filter, Porzellan, Fine Bone China und vieles mehr. Unser Sortiment umfasst [&hellip;]\" \/>\n<meta property=\"og:url\" content=\"https:\/\/tealogic.de\/en\/faq\/\" \/>\n<meta property=\"og:site_name\" content=\"TeaLogic\" \/>\n<meta property=\"article:modified_time\" content=\"2025-04-30T10:04:35+00:00\" \/>\n<meta name=\"twitter:card\" content=\"summary_large_image\" \/>\n<meta name=\"twitter:label1\" content=\"Estimated reading time\" \/>\n\t<meta name=\"twitter:data1\" content=\"3 minutes\" \/>\n<script type=\"application\/ld+json\" class=\"yoast-schema-graph\">{\"@context\":\"https:\/\/schema.org\",\"@graph\":[{\"@type\":\"WebPage\",\"@id\":\"https:\/\/tealogic.de\/faq\/\",\"url\":\"https:\/\/tealogic.de\/faq\/\",\"name\":\"FAQ - TeaLogic\",\"isPartOf\":{\"@id\":\"https:\/\/tealogic.de\/#website\"},\"datePublished\":\"2021-09-19T14:09:45+00:00\",\"dateModified\":\"2025-04-30T10:04:35+00:00\",\"breadcrumb\":{\"@id\":\"https:\/\/tealogic.de\/faq\/#breadcrumb\"},\"inLanguage\":\"en-GB\",\"potentialAction\":[{\"@type\":\"ReadAction\",\"target\":[\"https:\/\/tealogic.de\/faq\/\"]}]},{\"@type\":\"BreadcrumbList\",\"@id\":\"https:\/\/tealogic.de\/faq\/#breadcrumb\",\"itemListElement\":[{\"@type\":\"ListItem\",\"position\":1,\"name\":\"Startseite\",\"item\":\"https:\/\/tealogic.de\/\"},{\"@type\":\"ListItem\",\"position\":2,\"name\":\"FAQ\"}]},{\"@type\":\"WebSite\",\"@id\":\"https:\/\/tealogic.de\/#website\",\"url\":\"https:\/\/tealogic.de\/\",\"name\":\"TeaLogic\",\"description\":\"Das ist Kompetenz in Teezubeh\u00f6r f\u00fcr den guten Fachhandel.\",\"publisher\":{\"@id\":\"https:\/\/tealogic.de\/#organization\"},\"potentialAction\":[{\"@type\":\"SearchAction\",\"target\":{\"@type\":\"EntryPoint\",\"urlTemplate\":\"https:\/\/tealogic.de\/?s={search_term_string}\"},\"query-input\":{\"@type\":\"PropertyValueSpecification\",\"valueRequired\":true,\"valueName\":\"search_term_string\"}}],\"inLanguage\":\"en-GB\"},{\"@type\":\"Organization\",\"@id\":\"https:\/\/tealogic.de\/#organization\",\"name\":\"Tealogic\",\"url\":\"https:\/\/tealogic.de\/\",\"logo\":{\"@type\":\"ImageObject\",\"inLanguage\":\"en-GB\",\"@id\":\"https:\/\/tealogic.de\/#\/schema\/logo\/image\/\",\"url\":\"https:\/\/tealogic.de\/wp-content\/uploads\/2021\/09\/Logo-mit-Bremen-gross.png\",\"contentUrl\":\"https:\/\/tealogic.de\/wp-content\/uploads\/2021\/09\/Logo-mit-Bremen-gross.png\",\"width\":945,\"height\":401,\"caption\":\"Tealogic\"},\"image\":{\"@id\":\"https:\/\/tealogic.de\/#\/schema\/logo\/image\/\"}}]}<\/script>\n<!-- \/ Yoast SEO plugin. -->","yoast_head_json":{"title":"FAQ - TeaLogic","robots":{"index":"index","follow":"follow","max-snippet":"max-snippet:-1","max-image-preview":"max-image-preview:large","max-video-preview":"max-video-preview:-1"},"canonical":"https:\/\/tealogic.de\/en\/faq\/","og_locale":"en_GB","og_type":"article","og_title":"FAQ - TeaLogic","og_description":"F.A.Q.H\u00e4ufig gestellte Fragen und unsere Antworten.Willkommen zu den h\u00e4ufig gestellten Fragen (FAQ) von TeaLogic! Hier finden Sie Antworten auf einige der g\u00e4ngigsten Fragen rund um unser Teezubeh\u00f6r und unsere Produkte.Bei TeaLogic bieten wir eine vielf\u00e4ltige Auswahl an hochwertigem Teezubeh\u00f6r, darunter Teekannen, Teetassen, Becher, Tea-for-One-Sets, Filter, Porzellan, Fine Bone China und vieles mehr. Unser Sortiment umfasst [&hellip;]","og_url":"https:\/\/tealogic.de\/en\/faq\/","og_site_name":"TeaLogic","article_modified_time":"2025-04-30T10:04:35+00:00","twitter_card":"summary_large_image","twitter_misc":{"Estimated reading time":"3 minutes"},"schema":{"@context":"https:\/\/schema.org","@graph":[{"@type":"WebPage","@id":"https:\/\/tealogic.de\/faq\/","url":"https:\/\/tealogic.de\/faq\/","name":"FAQ - TeaLogic","isPartOf":{"@id":"https:\/\/tealogic.de\/#website"},"datePublished":"2021-09-19T14:09:45+00:00","dateModified":"2025-04-30T10:04:35+00:00","breadcrumb":{"@id":"https:\/\/tealogic.de\/faq\/#breadcrumb"},"inLanguage":"en-GB","potentialAction":[{"@type":"ReadAction","target":["https:\/\/tealogic.de\/faq\/"]}]},{"@type":"BreadcrumbList","@id":"https:\/\/tealogic.de\/faq\/#breadcrumb","itemListElement":[{"@type":"ListItem","position":1,"name":"Startseite","item":"https:\/\/tealogic.de\/"},{"@type":"ListItem","position":2,"name":"FAQ"}]},{"@type":"WebSite","@id":"https:\/\/tealogic.de\/#website","url":"https:\/\/tealogic.de\/","name":"TeaLogic","description":"Das ist Kompetenz in Teezubeh\u00f6r f\u00fcr den guten Fachhandel.","publisher":{"@id":"https:\/\/tealogic.de\/#organization"},"potentialAction":[{"@type":"SearchAction","target":{"@type":"EntryPoint","urlTemplate":"https:\/\/tealogic.de\/?s={search_term_string}"},"query-input":{"@type":"PropertyValueSpecification","valueRequired":true,"valueName":"search_term_string"}}],"inLanguage":"en-GB"},{"@type":"Organization","@id":"https:\/\/tealogic.de\/#organization","name":"Tealogic","url":"https:\/\/tealogic.de\/","logo":{"@type":"ImageObject","inLanguage":"en-GB","@id":"https:\/\/tealogic.de\/#\/schema\/logo\/image\/","url":"https:\/\/tealogic.de\/wp-content\/uploads\/2021\/09\/Logo-mit-Bremen-gross.png","contentUrl":"https:\/\/tealogic.de\/wp-content\/uploads\/2021\/09\/Logo-mit-Bremen-gross.png","width":945,"height":401,"caption":"Tealogic"},"image":{"@id":"https:\/\/tealogic.de\/#\/schema\/logo\/image\/"}}]}},"_links":{"self":[{"href":"https:\/\/tealogic.de\/en\/wp-json\/wp\/v2\/pages\/222900","targetHints":{"allow":["GET"]}}],"collection":[{"href":"https:\/\/tealogic.de\/en\/wp-json\/wp\/v2\/pages"}],"about":[{"href":"https:\/\/tealogic.de\/en\/wp-json\/wp\/v2\/types\/page"}],"author":[{"embeddable":true,"href":"https:\/\/tealogic.de\/en\/wp-json\/wp\/v2\/users\/1"}],"replies":[{"embeddable":true,"href":"https:\/\/tealogic.de\/en\/wp-json\/wp\/v2\/comments?post=222900"}],"version-history":[{"count":23,"href":"https:\/\/tealogic.de\/en\/wp-json\/wp\/v2\/pages\/222900\/revisions"}],"predecessor-version":[{"id":240007,"href":"https:\/\/tealogic.de\/en\/wp-json\/wp\/v2\/pages\/222900\/revisions\/240007"}],"wp:attachment":[{"href":"https:\/\/tealogic.de\/en\/wp-json\/wp\/v2\/media?parent=222900"}],"curies":[{"name":"wp","href":"https:\/\/api.w.org\/{rel}","templated":true}]}}