{"id":222878,"date":"2021-09-19T16:59:07","date_gmt":"2021-09-19T16:59:07","guid":{"rendered":"https:\/\/tealogic.de\/?page_id=222878"},"modified":"2024-04-09T22:30:21","modified_gmt":"2024-04-09T22:30:21","slug":"firmenphilosophie","status":"publish","type":"page","link":"https:\/\/tealogic.de\/en\/firmenphilosophie\/","title":{"rendered":"Philosophy"},"content":{"rendered":"<p>[et_pb_section fb_built=&#8220;1&#8243; admin_label=&#8220;Hero&#8220; _builder_version=&#8220;4.16&#8243; custom_padding=&#8220;0px|0px|0px|0px&#8220; animation_style=&#8220;zoom&#8220; animation_intensity_zoom=&#8220;4%&#8220; global_colors_info=&#8220;{}&#8220;][et_pb_row column_structure=&#8220;1_2,1_2&#8243; use_custom_gutter=&#8220;on&#8220; gutter_width=&#8220;1&#8243; make_equal=&#8220;on&#8220; module_class=&#8220; et_pb_row_fullwidth&#8220; _builder_version=&#8220;4.22.1&#8243; background_color=&#8220;#98141F&#8220; background_image=&#8220;https:\/\/tealogic.de\/wp-content\/uploads\/2021\/09\/circle-background-pattern.png&#8220; background_position=&#8220;top_left&#8220; background_repeat=&#8220;repeat&#8220; width=&#8220;100%&#8220; width_tablet=&#8220;100%&#8220; width_phone=&#8220;&#8220; width_last_edited=&#8220;on|desktop&#8220; max_width=&#8220;100%&#8220; max_width_tablet=&#8220;100%&#8220; max_width_phone=&#8220;&#8220; max_width_last_edited=&#8220;on|desktop&#8220; custom_padding=&#8220;0px||0px|&#8220; animation_style=&#8220;slide&#8220; animation_direction=&#8220;top&#8220; animation_intensity_slide=&#8220;3%&#8220; make_fullwidth=&#8220;on&#8220; global_colors_info=&#8220;{}&#8220;][et_pb_column type=&#8220;1_2&#8243; _builder_version=&#8220;4.16&#8243; background_color=&#8220;#98141F&#8220; custom_padding=&#8220;10%|8%|10%|8%&#8220; global_colors_info=&#8220;{}&#8220; custom_padding__hover=&#8220;|||&#8220;][et_pb_image src=&#8220;https:\/\/tealogic.de\/wp-content\/uploads\/2023\/09\/spice-shop-07.png&#8220; title_text=&#8220;spice-shop-07&#8243; _builder_version=&#8220;4.22.1&#8243; custom_margin=&#8220;50px||||false|false&#8220; custom_margin_tablet=&#8220;0px||||false|false&#8220; custom_margin_phone=&#8220;&#8220; custom_margin_last_edited=&#8220;on|tablet&#8220; locked=&#8220;off&#8220; global_colors_info=&#8220;{}&#8220;][\/et_pb_image][et_pb_text _builder_version=&#8220;4.16&#8243; header_font=&#8220;Montserrat|800|||||||&#8220; header_font_size=&#8220;3vw&#8220; header_line_height=&#8220;1.2em&#8220; background_layout=&#8220;dark&#8220; header_font_size_tablet=&#8220;40px&#8220; header_font_size_phone=&#8220;30px&#8220; header_font_size_last_edited=&#8220;on|phone&#8220; global_colors_info=&#8220;{}&#8220;]<\/p>\n<h1>Philosophy<\/h1>\n<p>[\/et_pb_text][et_pb_text _builder_version=&#8220;4.16&#8243; text_text_color=&#8220;#ffffff&#8220; text_font_size=&#8220;16px&#8220; text_line_height=&#8220;2.2em&#8220; background_layout=&#8220;dark&#8220; text_font_size_tablet=&#8220;14px&#8220; text_font_size_phone=&#8220;&#8220; text_font_size_last_edited=&#8220;on|phone&#8220; global_colors_info=&#8220;{}&#8220;]<\/p>\n<p>The center of our small company is an office in Bremen's historic Schnoor district. Since 2007, our small team has started to develop extraordinarily beautiful table accessories.\n\nEach item is unique and can be bought only from us.\n\nWe offer a variety of innovative designs and sophisticated shape, as always well thought out and rich in detail. Our large selection of imaginative accessories is always based on the needs of our customers.<\/p>\n<p>[\/et_pb_text][et_pb_button button_url=&#8220;\/faq\/#kontakt&#8220; button_text=&#8220;KONTAKTIEREN SIE UNS&#8220; _builder_version=&#8220;4.16&#8243; custom_button=&#8220;on&#8220; button_text_size=&#8220;16px&#8220; button_text_color=&#8220;#ffffff&#8220; button_bg_color=&#8220;rgba(255,255,255,0.1)&#8220; button_border_width=&#8220;0px&#8220; button_border_radius=&#8220;0px&#8220; button_letter_spacing=&#8220;2px&#8220; button_font=&#8220;|700||on|||||&#8220; button_use_icon=&#8220;off&#8220; custom_margin=&#8220;30px||||false|false&#8220; custom_padding=&#8220;10px|20px|10px|20px|true|true&#8220; locked=&#8220;off&#8220; global_colors_info=&#8220;{}&#8220; button_text_color__hover_enabled=&#8220;on|hover&#8220; button_text_color__hover=&#8220;#28221d&#8220; button_bg_color__hover_enabled=&#8220;on|desktop&#8220; button_bg_color__hover=&#8220;#ffffff&#8220; button_bg_enable_color__hover=&#8220;on&#8220;][\/et_pb_button][\/et_pb_column][et_pb_column type=&#8220;1_2&#8243; _builder_version=&#8220;4.22.1&#8243; background_image=&#8220;https:\/\/tealogic.de\/wp-content\/uploads\/2023\/09\/banner_2.jpg&#8220; background_position=&#8220;top_right&#8220; custom_padding=&#8220;||0px||false|false&#8220; custom_padding_tablet=&#8220;||200px||false|false&#8220; custom_padding_phone=&#8220;&#8220; custom_padding_last_edited=&#8220;on|phone&#8220; global_colors_info=&#8220;{}&#8220; custom_padding__hover=&#8220;|||&#8220;][et_pb_image src=&#8220;https:\/\/tealogic.de\/wp-content\/uploads\/2021\/09\/spice-shop-73.png&#8220; title_text=&#8220;spice-shop-73&#8243; disabled_on=&#8220;on|on|on&#8220; _builder_version=&#8220;4.16&#8243; positioning=&#8220;absolute&#8220; position_origin_a=&#8220;bottom_right&#8220; vertical_offset=&#8220;20%&#8220; position_origin_a_tablet=&#8220;&#8220; position_origin_a_phone=&#8220;&#8220; position_origin_a_last_edited=&#8220;on|desktop&#8220; position_origin_f_tablet=&#8220;&#8220; position_origin_f_phone=&#8220;&#8220; position_origin_f_last_edited=&#8220;on|desktop&#8220; position_origin_r_tablet=&#8220;&#8220; position_origin_r_phone=&#8220;&#8220; position_origin_r_last_edited=&#8220;on|desktop&#8220; custom_margin=&#8220;|-20vw|||false|false&#8220; filter_hue_rotate=&#8220;351deg&#8220; filter_saturate=&#8220;200%&#8220; filter_brightness=&#8220;200%&#8220; filter_contrast=&#8220;173%&#8220; mix_blend_mode=&#8220;hard-light&#8220; scroll_vertical_motion_enable=&#8220;on&#8220; scroll_vertical_motion=&#8220;0|50|50|100|2|0|-2&#8243; positioning_tablet=&#8220;relative&#8220; positioning_phone=&#8220;&#8220; positioning_last_edited=&#8220;on|tablet&#8220; disabled=&#8220;on&#8220; global_colors_info=&#8220;{}&#8220;][\/et_pb_image][\/et_pb_column][\/et_pb_row][\/et_pb_section][et_pb_section fb_built=&#8220;1&#8243; admin_label=&#8220;About&#8220; _builder_version=&#8220;4.16&#8243; background_color=&#8220;#f3f3f1&#8243; background_image=&#8220;https:\/\/tealogic.de\/wp-content\/uploads\/2021\/09\/spice-shop-71.png&#8220; background_size=&#8220;initial&#8220; custom_margin=&#8220;||||false|false&#8220; custom_padding=&#8220;10vw||||false|false&#8220; locked=&#8220;off&#8220; global_colors_info=&#8220;{}&#8220;][et_pb_row _builder_version=&#8220;4.16&#8243; locked=&#8220;off&#8220; global_colors_info=&#8220;{}&#8220;][et_pb_column type=&#8220;4_4&#8243; _builder_version=&#8220;4.16&#8243; global_colors_info=&#8220;{}&#8220;][et_pb_text _builder_version=&#8220;4.24.1&#8243; text_text_color=&#8220;#000000&#8243; text_font_size=&#8220;16px&#8220; text_line_height=&#8220;2.2em&#8220; header_2_font=&#8220;Montserrat|800|||||||&#8220; header_2_text_color=&#8220;#000000&#8243; header_2_font_size=&#8220;50px&#8220; header_2_line_height=&#8220;1.2em&#8220; z_index=&#8220;2&#8243; text_orientation=&#8220;center&#8220; max_width=&#8220;700px&#8220; module_alignment=&#8220;center&#8220; hover_enabled=&#8220;0&#8243; text_font_size_tablet=&#8220;14px&#8220; text_font_size_phone=&#8220;&#8220; text_font_size_last_edited=&#8220;on|phone&#8220; header_2_font_size_tablet=&#8220;35px&#8220; header_2_font_size_phone=&#8220;25px&#8220; header_2_font_size_last_edited=&#8220;on|phone&#8220; global_colors_info=&#8220;{}&#8220; sticky_enabled=&#8220;0&#8243;]<\/p>\n<h2>Our quality standards are derived from this:<\/h2>\n<p>As a leading tea accessories wholesaler and tea accessories distributor, we offer a wide range of high quality products for the tea wholesale trade. Our range includes tea utensils, tea equipment, tea accessories and much more to ensure your business is well equipped to fulfil the needs of your customers.<\/p>\n<p>As a tea accessories supplier, we pride ourselves on supplying tea wholesalers with the best and most innovative teapots, tea crockery, tea cutlery and tea cups. Our Cherry Blossom range is recognised across Europe and is sure to delight your customers. Our tea containers, tea infusers and tea lights are also of the highest quality and will provide your customers with a first-class teatime experience.<\/p>\n<p>With our comprehensive range of wholesale tea drinking accessories, you can be sure that your business is well equipped to meet the growing demand for high-quality tea accessories.<\/p>\n<p>TeaLogic \u2013 we are competence for the good retail.<\/p>\n<p>&nbsp;<\/p>\n<p>[\/et_pb_text][et_pb_image src=&#8220;https:\/\/tealogic.de\/wp-content\/uploads\/2021\/09\/tealogic_tea_for_ones.jpg&#8220; title_text=&#8220;tealogic_tea_for_ones&#8220; align=&#8220;center&#8220; _builder_version=&#8220;4.16&#8243; _module_preset=&#8220;default&#8220; global_colors_info=&#8220;{}&#8220;][\/et_pb_image][\/et_pb_column][\/et_pb_row][\/et_pb_section]<\/p>","protected":false},"excerpt":{"rendered":"<p>FirmenphilosophieKeimzelle unseres kleinen Unternehmens ist ein B\u00fcro im historischen Bremer Schnoorviertel. Hier gibt unser kleines Team seit 2007 jeden Tag aufs Neue alles daf\u00fcr, au\u00dfergew\u00f6hnlich sch\u00f6nes Teezubeh\u00f6r in zukunftsweisenden Formen und inspirierenden Designs f\u00fcr Sie zu entwickeln. Wir bieten eine Vielzahl ausgefallener Artikel mit innovativem Design und raffinierter Formgebung, wie immer durchdacht und detailreich.\u00a0 Unsere [&hellip;]<\/p>","protected":false},"author":1,"featured_media":0,"parent":0,"menu_order":0,"comment_status":"closed","ping_status":"closed","template":"","meta":{"_et_pb_use_builder":"on","_et_pb_old_content":"","_et_gb_content_width":"","inline_featured_image":false,"footnotes":""},"class_list":["post-222878","page","type-page","status-publish","hentry"],"yoast_head":"<!-- This site is optimized with the Yoast SEO plugin v24.2 - https:\/\/yoast.com\/wordpress\/plugins\/seo\/ -->\n<title>Firmenphilosophie - TeaLogic<\/title>\n<meta name=\"robots\" content=\"index, follow, max-snippet:-1, max-image-preview:large, max-video-preview:-1\" \/>\n<link rel=\"canonical\" href=\"https:\/\/tealogic.de\/en\/firmenphilosophie\/\" \/>\n<meta property=\"og:locale\" content=\"en_GB\" \/>\n<meta property=\"og:type\" content=\"article\" \/>\n<meta property=\"og:title\" content=\"Firmenphilosophie - TeaLogic\" \/>\n<meta property=\"og:description\" content=\"FirmenphilosophieKeimzelle unseres kleinen Unternehmens ist ein B\u00fcro im historischen Bremer Schnoorviertel. Hier gibt unser kleines Team seit 2007 jeden Tag aufs Neue alles daf\u00fcr, au\u00dfergew\u00f6hnlich sch\u00f6nes Teezubeh\u00f6r in zukunftsweisenden Formen und inspirierenden Designs f\u00fcr Sie zu entwickeln. Wir bieten eine Vielzahl ausgefallener Artikel mit innovativem Design und raffinierter Formgebung, wie immer durchdacht und detailreich.\u00a0 Unsere [&hellip;]\" \/>\n<meta property=\"og:url\" content=\"https:\/\/tealogic.de\/en\/firmenphilosophie\/\" \/>\n<meta property=\"og:site_name\" content=\"TeaLogic\" \/>\n<meta property=\"article:modified_time\" content=\"2024-04-09T22:30:21+00:00\" \/>\n<meta name=\"twitter:card\" content=\"summary_large_image\" \/>\n<meta name=\"twitter:label1\" content=\"Estimated reading time\" \/>\n\t<meta name=\"twitter:data1\" content=\"3 minutes\" \/>\n<script type=\"application\/ld+json\" class=\"yoast-schema-graph\">{\"@context\":\"https:\/\/schema.org\",\"@graph\":[{\"@type\":\"WebPage\",\"@id\":\"https:\/\/tealogic.de\/firmenphilosophie\/\",\"url\":\"https:\/\/tealogic.de\/firmenphilosophie\/\",\"name\":\"Firmenphilosophie - TeaLogic\",\"isPartOf\":{\"@id\":\"https:\/\/tealogic.de\/#website\"},\"datePublished\":\"2021-09-19T16:59:07+00:00\",\"dateModified\":\"2024-04-09T22:30:21+00:00\",\"breadcrumb\":{\"@id\":\"https:\/\/tealogic.de\/firmenphilosophie\/#breadcrumb\"},\"inLanguage\":\"en-GB\",\"potentialAction\":[{\"@type\":\"ReadAction\",\"target\":[\"https:\/\/tealogic.de\/firmenphilosophie\/\"]}]},{\"@type\":\"BreadcrumbList\",\"@id\":\"https:\/\/tealogic.de\/firmenphilosophie\/#breadcrumb\",\"itemListElement\":[{\"@type\":\"ListItem\",\"position\":1,\"name\":\"Startseite\",\"item\":\"https:\/\/tealogic.de\/\"},{\"@type\":\"ListItem\",\"position\":2,\"name\":\"Firmenphilosophie\"}]},{\"@type\":\"WebSite\",\"@id\":\"https:\/\/tealogic.de\/#website\",\"url\":\"https:\/\/tealogic.de\/\",\"name\":\"TeaLogic\",\"description\":\"Das ist Kompetenz in Teezubeh\u00f6r f\u00fcr den guten Fachhandel.\",\"publisher\":{\"@id\":\"https:\/\/tealogic.de\/#organization\"},\"potentialAction\":[{\"@type\":\"SearchAction\",\"target\":{\"@type\":\"EntryPoint\",\"urlTemplate\":\"https:\/\/tealogic.de\/?s={search_term_string}\"},\"query-input\":{\"@type\":\"PropertyValueSpecification\",\"valueRequired\":true,\"valueName\":\"search_term_string\"}}],\"inLanguage\":\"en-GB\"},{\"@type\":\"Organization\",\"@id\":\"https:\/\/tealogic.de\/#organization\",\"name\":\"Tealogic\",\"url\":\"https:\/\/tealogic.de\/\",\"logo\":{\"@type\":\"ImageObject\",\"inLanguage\":\"en-GB\",\"@id\":\"https:\/\/tealogic.de\/#\/schema\/logo\/image\/\",\"url\":\"https:\/\/tealogic.de\/wp-content\/uploads\/2021\/09\/Logo-mit-Bremen-gross.png\",\"contentUrl\":\"https:\/\/tealogic.de\/wp-content\/uploads\/2021\/09\/Logo-mit-Bremen-gross.png\",\"width\":945,\"height\":401,\"caption\":\"Tealogic\"},\"image\":{\"@id\":\"https:\/\/tealogic.de\/#\/schema\/logo\/image\/\"}}]}<\/script>\n<!-- \/ Yoast SEO plugin. -->","yoast_head_json":{"title":"Firmenphilosophie - TeaLogic","robots":{"index":"index","follow":"follow","max-snippet":"max-snippet:-1","max-image-preview":"max-image-preview:large","max-video-preview":"max-video-preview:-1"},"canonical":"https:\/\/tealogic.de\/en\/firmenphilosophie\/","og_locale":"en_GB","og_type":"article","og_title":"Firmenphilosophie - TeaLogic","og_description":"FirmenphilosophieKeimzelle unseres kleinen Unternehmens ist ein B\u00fcro im historischen Bremer Schnoorviertel. Hier gibt unser kleines Team seit 2007 jeden Tag aufs Neue alles daf\u00fcr, au\u00dfergew\u00f6hnlich sch\u00f6nes Teezubeh\u00f6r in zukunftsweisenden Formen und inspirierenden Designs f\u00fcr Sie zu entwickeln. Wir bieten eine Vielzahl ausgefallener Artikel mit innovativem Design und raffinierter Formgebung, wie immer durchdacht und detailreich.\u00a0 Unsere [&hellip;]","og_url":"https:\/\/tealogic.de\/en\/firmenphilosophie\/","og_site_name":"TeaLogic","article_modified_time":"2024-04-09T22:30:21+00:00","twitter_card":"summary_large_image","twitter_misc":{"Estimated reading time":"3 minutes"},"schema":{"@context":"https:\/\/schema.org","@graph":[{"@type":"WebPage","@id":"https:\/\/tealogic.de\/firmenphilosophie\/","url":"https:\/\/tealogic.de\/firmenphilosophie\/","name":"Firmenphilosophie - TeaLogic","isPartOf":{"@id":"https:\/\/tealogic.de\/#website"},"datePublished":"2021-09-19T16:59:07+00:00","dateModified":"2024-04-09T22:30:21+00:00","breadcrumb":{"@id":"https:\/\/tealogic.de\/firmenphilosophie\/#breadcrumb"},"inLanguage":"en-GB","potentialAction":[{"@type":"ReadAction","target":["https:\/\/tealogic.de\/firmenphilosophie\/"]}]},{"@type":"BreadcrumbList","@id":"https:\/\/tealogic.de\/firmenphilosophie\/#breadcrumb","itemListElement":[{"@type":"ListItem","position":1,"name":"Startseite","item":"https:\/\/tealogic.de\/"},{"@type":"ListItem","position":2,"name":"Firmenphilosophie"}]},{"@type":"WebSite","@id":"https:\/\/tealogic.de\/#website","url":"https:\/\/tealogic.de\/","name":"TeaLogic","description":"Das ist Kompetenz in Teezubeh\u00f6r f\u00fcr den guten Fachhandel.","publisher":{"@id":"https:\/\/tealogic.de\/#organization"},"potentialAction":[{"@type":"SearchAction","target":{"@type":"EntryPoint","urlTemplate":"https:\/\/tealogic.de\/?s={search_term_string}"},"query-input":{"@type":"PropertyValueSpecification","valueRequired":true,"valueName":"search_term_string"}}],"inLanguage":"en-GB"},{"@type":"Organization","@id":"https:\/\/tealogic.de\/#organization","name":"Tealogic","url":"https:\/\/tealogic.de\/","logo":{"@type":"ImageObject","inLanguage":"en-GB","@id":"https:\/\/tealogic.de\/#\/schema\/logo\/image\/","url":"https:\/\/tealogic.de\/wp-content\/uploads\/2021\/09\/Logo-mit-Bremen-gross.png","contentUrl":"https:\/\/tealogic.de\/wp-content\/uploads\/2021\/09\/Logo-mit-Bremen-gross.png","width":945,"height":401,"caption":"Tealogic"},"image":{"@id":"https:\/\/tealogic.de\/#\/schema\/logo\/image\/"}}]}},"_links":{"self":[{"href":"https:\/\/tealogic.de\/en\/wp-json\/wp\/v2\/pages\/222878","targetHints":{"allow":["GET"]}}],"collection":[{"href":"https:\/\/tealogic.de\/en\/wp-json\/wp\/v2\/pages"}],"about":[{"href":"https:\/\/tealogic.de\/en\/wp-json\/wp\/v2\/types\/page"}],"author":[{"embeddable":true,"href":"https:\/\/tealogic.de\/en\/wp-json\/wp\/v2\/users\/1"}],"replies":[{"embeddable":true,"href":"https:\/\/tealogic.de\/en\/wp-json\/wp\/v2\/comments?post=222878"}],"version-history":[{"count":18,"href":"https:\/\/tealogic.de\/en\/wp-json\/wp\/v2\/pages\/222878\/revisions"}],"predecessor-version":[{"id":238970,"href":"https:\/\/tealogic.de\/en\/wp-json\/wp\/v2\/pages\/222878\/revisions\/238970"}],"wp:attachment":[{"href":"https:\/\/tealogic.de\/en\/wp-json\/wp\/v2\/media?parent=222878"}],"curies":[{"name":"wp","href":"https:\/\/api.w.org\/{rel}","templated":true}]}}